{"id":394,"date":"2023-06-15T18:26:29","date_gmt":"2023-06-15T18:26:29","guid":{"rendered":"https:\/\/aguasdepalmas.com.br\/?page_id=394"},"modified":"2023-06-24T15:04:18","modified_gmt":"2023-06-24T15:04:18","slug":"politica-de-reserva-e-cancelamento-politica-de-cookies","status":"publish","type":"page","link":"https:\/\/aguasdepalmas.com.br\/es\/politica-de-reserva-e-cancelamento-politica-de-cookies\/","title":{"rendered":"Pol\u00edtica de Reserva e Cancelamento Pol\u00edtica de Cookies"},"content":{"rendered":"<div data-elementor-type=\"wp-page\" data-elementor-id=\"394\" class=\"elementor elementor-394\" data-elementor-settings=\"{&quot;element_pack_global_tooltip_width&quot;:{&quot;unit&quot;:&quot;px&quot;,&quot;size&quot;:&quot;&quot;,&quot;sizes&quot;:[]},&quot;element_pack_global_tooltip_width_tablet&quot;:{&quot;unit&quot;:&quot;px&quot;,&quot;size&quot;:&quot;&quot;,&quot;sizes&quot;:[]},&quot;element_pack_global_tooltip_width_mobile&quot;:{&quot;unit&quot;:&quot;px&quot;,&quot;size&quot;:&quot;&quot;,&quot;sizes&quot;:[]},&quot;element_pack_global_tooltip_padding&quot;:{&quot;unit&quot;:&quot;px&quot;,&quot;top&quot;:&quot;&quot;,&quot;right&quot;:&quot;&quot;,&quot;bottom&quot;:&quot;&quot;,&quot;left&quot;:&quot;&quot;,&quot;isLinked&quot;:true},&quot;element_pack_global_tooltip_padding_tablet&quot;:{&quot;unit&quot;:&quot;px&quot;,&quot;top&quot;:&quot;&quot;,&quot;right&quot;:&quot;&quot;,&quot;bottom&quot;:&quot;&quot;,&quot;left&quot;:&quot;&quot;,&quot;isLinked&quot;:true},&quot;element_pack_global_tooltip_padding_mobile&quot;:{&quot;unit&quot;:&quot;px&quot;,&quot;top&quot;:&quot;&quot;,&quot;right&quot;:&quot;&quot;,&quot;bottom&quot;:&quot;&quot;,&quot;left&quot;:&quot;&quot;,&quot;isLinked&quot;:true},&quot;element_pack_global_tooltip_border_radius&quot;:{&quot;unit&quot;:&quot;px&quot;,&quot;top&quot;:&quot;&quot;,&quot;right&quot;:&quot;&quot;,&quot;bottom&quot;:&quot;&quot;,&quot;left&quot;:&quot;&quot;,&quot;isLinked&quot;:true},&quot;element_pack_global_tooltip_border_radius_tablet&quot;:{&quot;unit&quot;:&quot;px&quot;,&quot;top&quot;:&quot;&quot;,&quot;right&quot;:&quot;&quot;,&quot;bottom&quot;:&quot;&quot;,&quot;left&quot;:&quot;&quot;,&quot;isLinked&quot;:true},&quot;element_pack_global_tooltip_border_radius_mobile&quot;:{&quot;unit&quot;:&quot;px&quot;,&quot;top&quot;:&quot;&quot;,&quot;right&quot;:&quot;&quot;,&quot;bottom&quot;:&quot;&quot;,&quot;left&quot;:&quot;&quot;,&quot;isLinked&quot;:true}}\" data-elementor-post-type=\"page\">\n\t\t\t\t\t\t<section class=\"elementor-section elementor-top-section elementor-element elementor-element-776b458 elementor-section-boxed elementor-section-height-default elementor-section-height-default\" data-id=\"776b458\" data-element_type=\"section\">\n\t\t\t\t\t\t<div class=\"elementor-container elementor-column-gap-default\">\n\t\t\t\t\t<div class=\"elementor-column elementor-col-100 elementor-top-column elementor-element elementor-element-9815893\" data-id=\"9815893\" data-element_type=\"column\">\n\t\t\t<div class=\"elementor-widget-wrap elementor-element-populated\">\n\t\t\t\t\t\t<div data-dce-advanced-background-color=\"#FFFFFF\" class=\"elementor-element elementor-element-01ebdfc elementor-widget elementor-widget-heading\" data-id=\"01ebdfc\" data-element_type=\"widget\" data-widget_type=\"heading.default\">\n\t\t\t\t<div class=\"elementor-widget-container\">\n\t\t\t\t\t<h2 class=\"elementor-heading-title elementor-size-default\">HOME \/ Pol\u00edtica de Reserva e Cancelamento \/ Pol\u00edtica de Cookies<\/h2>\t\t\t\t<\/div>\n\t\t\t\t<\/div>\n\t\t\t\t<div data-dce-title-color=\"#000000\" class=\"elementor-element elementor-element-73df351 elementor-widget elementor-widget-heading\" data-id=\"73df351\" data-element_type=\"widget\" data-widget_type=\"heading.default\">\n\t\t\t\t<div class=\"elementor-widget-container\">\n\t\t\t\t\t<h2 class=\"elementor-heading-title elementor-size-default\">Pol\u00edtica de Reserva e Cancelamento<\/h2>\t\t\t\t<\/div>\n\t\t\t\t<\/div>\n\t\t\t\t<div class=\"elementor-element elementor-element-94007e8 dce_masking-none elementor-widget elementor-widget-image\" data-id=\"94007e8\" data-element_type=\"widget\" data-widget_type=\"image.default\">\n\t\t\t\t<div class=\"elementor-widget-container\">\n\t\t\t\t\t\t\t\t\t\t\t\t\t\t\t<img loading=\"lazy\" decoding=\"async\" width=\"80\" height=\"29\" src=\"https:\/\/aguasdepalmas.com.br\/wp-content\/uploads\/2023\/06\/folha.png\" class=\"attachment-large size-large wp-image-325\" alt=\"\" \/>\t\t\t\t\t\t\t\t\t\t\t\t\t\t\t<\/div>\n\t\t\t\t<\/div>\n\t\t\t\t<div class=\"elementor-element elementor-element-0a53f80 elementor-widget elementor-widget-text-editor\" data-id=\"0a53f80\" data-element_type=\"widget\" data-widget_type=\"text-editor.default\">\n\t\t\t\t<div class=\"elementor-widget-container\">\n\t\t\t\t\t\t\t\t\t<p>A desist\u00eancia da reserva por parte do h\u00f3spede ser\u00e1 aceita somente com a autoriza\u00e7\u00e3o do titular por escrito, e dever\u00e1 ocorrer no prazo de at\u00e9 07(sete) dias da data da contrata\u00e7\u00e3o da reserva, o que implicar\u00e1 a devolu\u00e7\u00e3o do valor pago na forma do art. 49, caput e par\u00e1grafo \u00fanico da lei n\u00b08.078 de 11\/09\/1990. No caso de altera\u00e7\u00e3o de data da hospedagem, ser\u00e1 concedida ao cliente carta de cr\u00e9dito com prazo de validade de 12 (doze) meses, contados a partir do dia da solicita\u00e7\u00e3o da mudan\u00e7a. A altera\u00e7\u00e3o de datas de reserva dever\u00e1 sempre respeitar a disponibilidade de vagas e tarif\u00e1rios e \u00a0do resort. O cancelamento poder\u00e1 ser realizado sem cobran\u00e7as com at\u00e9 15(quinze) dias de anteced\u00eancia \u00e0 data do check-in. Neste caso se j\u00e1 tiver sido realizado o adiantamento para a garantia de reserva, este valor poder\u00e1 ser utilizado como uma carta de cr\u00e9dito para outra estada \u00a0dentro do per\u00edodo de at\u00e9 1 (um) ano, n\u00e3o realizamos reembolso. Caso o cancelamento seja feito dentro destes 15(quinze) que antecedem o check-in, ser\u00e1 cobrado pelo hotel o valor de 30%(trinta por cento) referente ao pacote negociado para cada apartamento reservado, conforme tarifa vigente.<\/p>\t\t\t\t\t\t\t\t<\/div>\n\t\t\t\t<\/div>\n\t\t\t\t\t<\/div>\n\t\t<\/div>\n\t\t\t\t\t<\/div>\n\t\t<\/section>\n\t\t\t\t<section class=\"elementor-section elementor-top-section elementor-element elementor-element-182343d elementor-section-boxed elementor-section-height-default elementor-section-height-default\" data-id=\"182343d\" data-element_type=\"section\">\n\t\t\t\t\t\t<div class=\"elementor-container elementor-column-gap-default\">\n\t\t\t\t\t<div class=\"elementor-column elementor-col-100 elementor-top-column elementor-element elementor-element-8805e46\" data-id=\"8805e46\" data-element_type=\"column\">\n\t\t\t<div class=\"elementor-widget-wrap elementor-element-populated\">\n\t\t\t\t\t\t<div data-dce-title-color=\"#000000\" class=\"elementor-element elementor-element-0e8bfb1 elementor-widget elementor-widget-heading\" data-id=\"0e8bfb1\" data-element_type=\"widget\" data-widget_type=\"heading.default\">\n\t\t\t\t<div class=\"elementor-widget-container\">\n\t\t\t\t\t<h2 class=\"elementor-heading-title elementor-size-default\">\nPol\u00edtica de Cookies<\/h2>\t\t\t\t<\/div>\n\t\t\t\t<\/div>\n\t\t\t\t<div class=\"elementor-element elementor-element-58a4cfb dce_masking-none elementor-widget elementor-widget-image\" data-id=\"58a4cfb\" data-element_type=\"widget\" data-widget_type=\"image.default\">\n\t\t\t\t<div class=\"elementor-widget-container\">\n\t\t\t\t\t\t\t\t\t\t\t\t\t\t\t<img loading=\"lazy\" decoding=\"async\" width=\"80\" height=\"29\" src=\"https:\/\/aguasdepalmas.com.br\/wp-content\/uploads\/2023\/06\/folha.png\" class=\"attachment-large size-large wp-image-325\" alt=\"\" \/>\t\t\t\t\t\t\t\t\t\t\t\t\t\t\t<\/div>\n\t\t\t\t<\/div>\n\t\t\t\t<div class=\"elementor-element elementor-element-db628ea elementor-widget elementor-widget-text-editor\" data-id=\"db628ea\" data-element_type=\"widget\" data-widget_type=\"text-editor.default\">\n\t\t\t\t<div class=\"elementor-widget-container\">\n\t\t\t\t\t\t\t\t\t<div class=\"elementor elementor-1314\" data-elementor-type=\"wp-page\" data-elementor-id=\"1314\"><div class=\"elementor-inner\"><div class=\"elementor-section-wrap\"><section class=\"elementor-section elementor-top-section elementor-element elementor-element-0c90e4e elementor-section-boxed elementor-section-height-default elementor-section-height-default\" data-dce-background-image-url=\"https:\/\/novo.fazzenda.com.br\/wp-content\/uploads\/2021\/04\/Layer-4.jpg\" data-id=\"0c90e4e\" data-element_type=\"section\" data-settings=\"{&quot;background_background&quot;:&quot;classic&quot;}\"><div class=\"elementor-container elementor-column-gap-default\"><div class=\"elementor-row\"><div class=\"aux-parallax-section elementor-column elementor-col-100 elementor-top-column elementor-element elementor-element-99c834d\" data-id=\"99c834d\" data-element_type=\"column\"><div class=\"elementor-column-wrap elementor-element-populated\"><div class=\"elementor-widget-wrap\"><div class=\"elementor-element elementor-element-dd728df elementor-widget elementor-widget-text-editor\" data-id=\"dd728df\" data-element_type=\"widget\" data-widget_type=\"text-editor.default\"><div class=\"elementor-widget-container\"><div class=\"elementor-text-editor elementor-clearfix\"><p>A presente Pol\u00edtica de Cookies \u00e9 um documento complementar \u00e0 Pol\u00edtica de Privacidade dispon\u00edvel<i>.\u00a0<\/i>Aqui, voc\u00ea encontrar\u00e1 informa\u00e7\u00f5es objetivas e claras sobre o que s\u00e3o Cookies, quais Cookies utilizamos em nossas aplica\u00e7\u00f5es, qual papel desempenham e como configur\u00e1-los.<\/p><p><b>1. O que s\u00e3o Cookies?<\/b><\/p><p>Cookies s\u00e3o pequenos arquivos de texto ou fragmentos de informa\u00e7\u00e3o que s\u00e3o baixados em seu computador, smartphone ou qualquer outro dispositivo com acesso \u00e0 internet quando voc\u00ea visita nossa aplica\u00e7\u00e3o.<\/p><p>Eles cont\u00eam informa\u00e7\u00f5es sobre a sua navega\u00e7\u00e3o em nossas p\u00e1ginas e ret\u00eam apenas informa\u00e7\u00f5es relacionadas a suas prefer\u00eancias.<\/p><p>Assim, essa p\u00e1gina consegue armazenar e recuperar os dados sobre os seus h\u00e1bitos de navega\u00e7\u00e3o, de forma a melhorar a experi\u00eancia de uso, por exemplo. \u00c9 importante frisar que eles n\u00e3o cont\u00eam informa\u00e7\u00f5es pessoais espec\u00edficas, como dados sens\u00edveis ou banc\u00e1rios.<\/p><p>O seu navegador armazena os cookies no disco r\u00edgido, mas ocupam um espa\u00e7o de mem\u00f3ria m\u00ednimo, que n\u00e3o afetam o desempenho do seu computador. A maioria das informa\u00e7\u00f5es s\u00e3o apagadas logo ao encerrar a sess\u00e3o, como voc\u00ea ver\u00e1 no pr\u00f3ximo t\u00f3pico.<\/p><p><b>1.1. Tipos de Cookies<\/b><\/p><p>Os cookies, quanto a seus propriet\u00e1rios, podem ser:<\/p><ol><li><b>Cookies propriet\u00e1rios:\u00a0<\/b>s\u00e3o cookies definidos por n\u00f3s ou por terceiros em nosso nome<\/li><li><b>Cookies de terceiros:\u00a0<\/b>s\u00e3o cookies definidos por terceiros confi\u00e1veis em nossa aplica\u00e7\u00e3o<\/li><\/ol><p>Os cookies, quanto ao seu tempo de vida, podem ser:<\/p><ol><li><b>Cookies de sess\u00e3o ou tempor\u00e1rios:\u00a0<\/b>s\u00e3o cookies que expiram assim que voc\u00ea fecha o seu navegador, encerrando a sess\u00e3o.<\/li><li><b>Cookies persistentes ou permanentes:\u00a0<\/b>s\u00e3o cookies que permanecem no seu dispositivo durante um per\u00edodo determinado ou at\u00e9 que voc\u00ea os exclua.<\/li><\/ol><p>Os cookies, quanto a sua finalidade, podem ser:<\/p><ol><li><b>Cookies necess\u00e1rios:\u00a0<\/b>s\u00e3o cookies essenciais que possibilitam a navega\u00e7\u00e3o em nossas aplica\u00e7\u00f5es e o acesso a todos os recursos; se estes, nossos servi\u00e7os podem apresentar mal desempenho ou n\u00e3o funcionar.<\/li><li><b>Cookies de desempenho:\u00a0<\/b>s\u00e3o cookies que otimizam a forma que nossas aplica\u00e7\u00f5es funcionam, coletando informa\u00e7\u00f5es an\u00f4nimas sobre as p\u00e1ginas acessadas.<\/li><li><b>Cookies de funcionalidade:\u00a0<\/b>s\u00e3o cookies que memorizam suas prefer\u00eancias e escolhas (como seu nome de usu\u00e1rio)<\/li><li><b>Cookies de publicidade:\u00a0<\/b>s\u00e3o cookies que direcionam an\u00fancios em fun\u00e7\u00e3o dos seus interesses e limitam a quantidade de vezes que o an\u00fancio aparece.<\/li><\/ol><p><b>2. Por que usamos Cookies?<\/b><\/p><p>O Hotel<i>\u00a0<\/i>utiliza Cookies para fornecer a melhor experi\u00eancia de uso, tornando nossas aplica\u00e7\u00f5es mais f\u00e1ceis e personalizadas, tendo por base suas escolhas e comportamento de navega\u00e7\u00e3o.<\/p><p>Assim, buscamos entender como voc\u00ea utiliza nossas aplica\u00e7\u00f5es e ajustar o conte\u00fado para torn\u00e1-lo mais relevante para voc\u00ea, al\u00e9m de lembrar de suas prefer\u00eancias.<\/p><p>Os Cookies participam deste processo porquanto armazenam, leem e executam os dados necess\u00e1rios para cumprir com o nosso objetivo.<\/p><p><b>3. Que tipo de Cookies utilizamos?\u00a0<\/b><\/p><p>Abaixo, listamos todos os Cookies que podem ser utilizados.<i>\u00a0<\/i>\u00c9 importante lembrar que voc\u00ea pode gerenciar a permiss\u00e3o concedida para cada Cookie em seu navegador.<\/p><p>Al\u00e9m disso, uma vez que os Cookies capturam dados sobre voc\u00ea, aconselhamos a leitura de nossa Pol\u00edtica de Privacidade, dispon\u00edvel neste link (<i>link da pol\u00edtica de privacidade<\/i>).<\/p><p><b>3.1. Cookies necess\u00e1rios<\/b><\/p><table width=\"379\" cellspacing=\"0\" cellpadding=\"0\"><tbody><tr><td valign=\"middle\"><b>Cookie<\/b><\/td><td valign=\"middle\"><b>Tempo<\/b><\/td><td valign=\"middle\"><b>Propriedade<\/b><\/td><td valign=\"middle\"><b>Descri\u00e7\u00e3o<\/b><\/td><\/tr><tr><td valign=\"middle\">PHPSESSID<\/td><td valign=\"middle\"><i>Permanente\u00a0<\/i><\/td><td valign=\"middle\"><i>Propriet\u00e1rio<\/i><\/td><td valign=\"middle\"><i>ID de sess\u00e3o<\/i><\/td><\/tr><tr><td valign=\"middle\">cfduid<\/td><td valign=\"middle\"><i>Permanente\u00a0<\/i><\/td><td valign=\"middle\"><i>terceiro<\/i><\/td><td valign=\"middle\"><i>ID CloudFusion<\/i><\/td><\/tr><\/tbody><\/table><p><b>3.2. Cookies de desempenho\u00a0<\/b><\/p><table cellspacing=\"0\" cellpadding=\"0\"><tbody><tr><td valign=\"middle\"><b>Cookie<\/b><\/td><td valign=\"middle\"><b>Tempo<\/b><\/td><td valign=\"middle\"><b>Propriedade<\/b><\/td><td valign=\"middle\"><b>Descri\u00e7\u00e3o<\/b><\/td><\/tr><tr><td valign=\"middle\">Wp Rocket PRO<\/td><td valign=\"middle\"><i>Permanente\u00a0<\/i><\/td><td valign=\"middle\"><i>de terceiro<\/i><\/td><td valign=\"middle\"><i>Acelera Carregamento de P\u00e1gina<\/i><\/td><\/tr><\/tbody><\/table><p><b>3.3. Cookies de funcionalidade<\/b><\/p><table cellspacing=\"0\" cellpadding=\"0\"><tbody><tr><td valign=\"middle\"><b>Cookie<\/b><\/td><td valign=\"middle\"><b>Tempo<\/b><\/td><td valign=\"middle\"><b>Propriedade<\/b><\/td><td valign=\"middle\"><b>Descri\u00e7\u00e3o<\/b><\/td><\/tr><tr><td valign=\"middle\"><i>Wordfence<\/i><\/td><td valign=\"middle\"><i>Permanente\u00a0<\/i><\/td><td valign=\"middle\"><i>de terceiro<\/i><\/td><td valign=\"middle\"><i>Seguran\u00e7a<\/i><\/td><\/tr><\/tbody><\/table><p><b>3.4. Cookies de publicidade<\/b><\/p><table cellspacing=\"0\" cellpadding=\"0\"><tbody><tr><td valign=\"middle\"><b>Cookie<\/b><\/td><td valign=\"middle\"><b>Tempo<\/b><\/td><td valign=\"middle\"><b>Propriedade<\/b><\/td><td valign=\"middle\"><b>Descri\u00e7\u00e3o<\/b><\/td><\/tr><tr><td valign=\"middle\"><i>Google GTM<\/i><\/td><td valign=\"middle\"><i>Permanente\u00a0<\/i><\/td><td valign=\"middle\"><i>de terceiro<\/i><\/td><td valign=\"middle\"><i>Track Google<\/i><\/td><\/tr><\/tbody><\/table><p><b>4. Gerenciamento dos Cookies<\/b><\/p><p>A instala\u00e7\u00e3o dos cookies est\u00e1 sujeita ao seu consentimento. Apesar da maioria dos navegadores estar inicialmente configurada para aceitar cookies de forma autom\u00e1tica, voc\u00ea pode rever suas permiss\u00f5es a qualquer tempo, de forma a bloque\u00e1-los, aceit\u00e1-los ou ativar notifica\u00e7\u00f5es para quando alguns cookies forem enviados ao seu dispositivo.<\/p><p>Atualmente, na primeira vez que voc\u00ea acessa nossas aplica\u00e7\u00f5es, ser\u00e1 requerida a sua concord\u00e2ncia com a instala\u00e7\u00e3o destes. Apenas ap\u00f3s a sua aceita\u00e7\u00e3o eles ser\u00e3o ativados.<\/p><p><b>5. Disposi\u00e7\u00f5es finais<\/b><\/p><p>Para privacidade e confian\u00e7a s\u00e3o fundamentais para a nossa rela\u00e7\u00e3o com voc\u00ea. Estamos sempre nos atualizando para manter os mais altos padr\u00f5es de seguran\u00e7a<\/p><p>Assim, reservamo-nos o direito de alterar esta Pol\u00edtica de Cookies a qualquer tempo. As mudan\u00e7as entrar\u00e3o em vigor logo ap\u00f3s a publica\u00e7\u00e3o, e voc\u00ea ser\u00e1 avisado.<\/p><p>Ao continuar a navega\u00e7\u00e3o nas nossas aplica\u00e7\u00f5es ap\u00f3s essa mudan\u00e7a se tornar eficaz, voc\u00ea concorda com elas. Aconselhamos que voc\u00ea sempre verifique esta Pol\u00edtica, bem como a nossa Pol\u00edtica de Privacidade.<\/p><p>Em caso de d\u00favidas sobre esta Pol\u00edtica de Cookies, entre em contato conosco pelos seguintes meios:<\/p><ul><li>reservas@aguasdepalmas.com.br<\/li><\/ul><p><br \/>Esta Pol\u00edtica de Cookies foi atualizada pela \u00faltima vez em 04 de maio de 2021.<\/p><\/div><\/div><\/div><\/div><\/div><\/div><\/div><\/div><\/section><\/div><\/div><\/div>\t\t\t\t\t\t\t\t<\/div>\n\t\t\t\t<\/div>\n\t\t\t\t\t<\/div>\n\t\t<\/div>\n\t\t\t\t\t<\/div>\n\t\t<\/section>\n\t\t\t\t<\/div>","protected":false},"excerpt":{"rendered":"<p>HOME \/ Pol\u00edtica de Reserva e Cancelamento \/ Pol\u00edtica de Cookies Pol\u00edtica de Reserva e Cancelamento A desist\u00eancia da reserva por parte do h\u00f3spede ser\u00e1 aceita somente com a autoriza\u00e7\u00e3o do titular por escrito, e dever\u00e1 ocorrer no prazo de at\u00e9 07(sete) dias da data da contrata\u00e7\u00e3o da reserva, o que implicar\u00e1 a devolu\u00e7\u00e3o do [&hellip;]<\/p>","protected":false},"author":1,"featured_media":0,"parent":0,"menu_order":0,"comment_status":"closed","ping_status":"closed","template":"","meta":{"footnotes":""},"class_list":["post-394","page","type-page","status-publish","hentry"],"_links":{"self":[{"href":"https:\/\/aguasdepalmas.com.br\/es\/wp-json\/wp\/v2\/pages\/394","targetHints":{"allow":["GET"]}}],"collection":[{"href":"https:\/\/aguasdepalmas.com.br\/es\/wp-json\/wp\/v2\/pages"}],"about":[{"href":"https:\/\/aguasdepalmas.com.br\/es\/wp-json\/wp\/v2\/types\/page"}],"author":[{"embeddable":true,"href":"https:\/\/aguasdepalmas.com.br\/es\/wp-json\/wp\/v2\/users\/1"}],"replies":[{"embeddable":true,"href":"https:\/\/aguasdepalmas.com.br\/es\/wp-json\/wp\/v2\/comments?post=394"}],"version-history":[{"count":0,"href":"https:\/\/aguasdepalmas.com.br\/es\/wp-json\/wp\/v2\/pages\/394\/revisions"}],"wp:attachment":[{"href":"https:\/\/aguasdepalmas.com.br\/es\/wp-json\/wp\/v2\/media?parent=394"}],"curies":[{"name":"wp","href":"https:\/\/api.w.org\/{rel}","templated":true}]}}